{"id":61,"date":"2020-01-23T18:21:52","date_gmt":"2020-01-23T18:21:52","guid":{"rendered":"https:\/\/demosites.io\/web-agency-gb\/?page_id=61"},"modified":"2026-05-04T14:12:05","modified_gmt":"2026-05-04T12:12:05","slug":"15c42-web-agency-gb-about-us","status":"publish","type":"page","link":"https:\/\/centrumbio.info\/","title":{"rendered":"o Centrum"},"content":{"rendered":"\n<div class=\"wp-block-cover alignfull is-light\" style=\"min-height:600px;aspect-ratio:unset;\"><span aria-hidden=\"true\" class=\"wp-block-cover__background has-nv-light-bg-background-color has-background-dim-100 has-background-dim\"><\/span><div class=\"wp-block-cover__inner-container is-layout-flow wp-block-cover-is-layout-flow\">\n<div class=\"wp-block-group\"><div class=\"wp-block-group__inner-container is-layout-flow wp-block-group-is-layout-flow\">\n<div style=\"height:80px\" aria-hidden=\"true\" class=\"wp-block-spacer\"><\/div>\n\n\n\n<div class=\"wp-block-columns are-vertically-aligned-center is-layout-flex wp-container-core-columns-is-layout-9d6595d7 wp-block-columns-is-layout-flex\">\n<div class=\"wp-block-column is-vertically-aligned-center is-layout-flow wp-block-column-is-layout-flow\" style=\"flex-basis:50%\">\n<figure class=\"wp-block-image size-large is-resized\"><img loading=\"lazy\" decoding=\"async\" width=\"852\" height=\"853\" src=\"https:\/\/centrumbio.info\/wp-content\/uploads\/2021\/12\/logo_IMGL9457-edited.jpg\" alt=\"\" class=\"wp-image-553\" style=\"width:479px;height:479px\" srcset=\"https:\/\/centrumbio.info\/wp-content\/uploads\/2021\/12\/logo_IMGL9457-edited.jpg 852w, https:\/\/centrumbio.info\/wp-content\/uploads\/2021\/12\/logo_IMGL9457-edited-300x300.jpg 300w, https:\/\/centrumbio.info\/wp-content\/uploads\/2021\/12\/logo_IMGL9457-edited-150x150.jpg 150w, https:\/\/centrumbio.info\/wp-content\/uploads\/2021\/12\/logo_IMGL9457-edited-768x769.jpg 768w, https:\/\/centrumbio.info\/wp-content\/uploads\/2021\/12\/logo_IMGL9457-edited-500x501.jpg 500w, https:\/\/centrumbio.info\/wp-content\/uploads\/2021\/12\/logo_IMGL9457-edited-800x801.jpg 800w\" sizes=\"auto, (max-width: 852px) 100vw, 852px\" \/><\/figure>\n<\/div>\n\n\n\n<div class=\"wp-block-column is-vertically-aligned-center is-layout-flow wp-block-column-is-layout-flow\" style=\"flex-basis:50%\">\n<h2 class=\"wp-block-heading has-text-align-center has-neve-text-color-color has-text-color\">Centrum Edukacji Ekologicznej w Wieprzu<\/h2>\n\n\n\n<p class=\"has-text-align-center has-neve-text-color-color has-text-color\">Miejsce to powsta\u0142o w ramach projektu&nbsp;<strong>\u201eOchrona r\u00f3\u017cnorodno\u015bci biologicznej poprzez zagospodarowanie&nbsp;brzeg\u00f3w rzeki So\u0142y w miejscowo\u015bci Wieprz\u201d<\/strong>,&nbsp;wsp\u00f3\u0142finansowanym przez Uni\u0119 Europejsk\u0105 ze \u015brodk\u00f3w Europejskiego Funduszu Rozwoju Regionalnego&nbsp;<br>w ramach osi priorytetowej: V: Ochrona \u015brodowiska i efektywne wykorzystanie zasob\u00f3w&nbsp;Regionalnego Programu Operacyjnego dla Wojew\u00f3dztwa \u015al\u0105skiego&nbsp;na lata 2014-2020, Poddzia\u0142anie 5.4.3\/ Ochrona r\u00f3\u017cnorodno\u015bci biologicznej.&nbsp;<\/p>\n<\/div>\n<\/div>\n\n\n\n<div style=\"height:40px\" aria-hidden=\"true\" class=\"wp-block-spacer\"><\/div>\n<\/div><\/div>\n<\/div><\/div>\n\n\n\n<div class=\"wp-block-cover alignfull is-light\" style=\"min-height:600px;aspect-ratio:unset;\"><span aria-hidden=\"true\" class=\"wp-block-cover__background has-nv-dark-bg-background-color has-background-dim-100 has-background-dim\"><\/span><div class=\"wp-block-cover__inner-container is-layout-flow wp-block-cover-is-layout-flow\">\n<div class=\"wp-block-group\"><div class=\"wp-block-group__inner-container is-layout-flow wp-block-group-is-layout-flow\">\n<div style=\"height:80px\" aria-hidden=\"true\" class=\"wp-block-spacer\"><\/div>\n\n\n\n<div class=\"wp-block-columns are-vertically-aligned-center is-layout-flex wp-container-core-columns-is-layout-9d6595d7 wp-block-columns-is-layout-flex\">\n<div class=\"wp-block-column is-vertically-aligned-center is-layout-flow wp-block-column-is-layout-flow\" style=\"flex-basis:50%\">\n<h2 class=\"wp-block-heading has-nv-text-dark-bg-color has-text-color\">Koniecznie przeczytaj aktualno\u015bci<\/h2>\n\n\n\n<p class=\"has-nv-text-dark-bg-color has-text-color\">Dowiedz si\u0119 co dzieje si\u0119 w Centrum Edukacji Ekologicznej w Wieprzu. Zapisz si\u0119 na zaj\u0119cia i odwied\u017a nasze wystawy. Sp\u0119d\u017a z nami czas i stw\u00f3rz z nami co\u015b, co pomo\u017ce \u015brodowisku! <\/p>\n\n\n\n<div style=\"height:20px\" aria-hidden=\"true\" class=\"wp-block-spacer\"><\/div>\n\n\n\n<div class=\"wp-block-buttons is-horizontal is-content-justification-center is-layout-flex wp-container-core-buttons-is-layout-499968f5 wp-block-buttons-is-layout-flex\">\n<div class=\"wp-block-button is-style-primary\"><a class=\"wp-block-button__link wp-element-button\" href=\"https:\/\/centrumbio.info\/?page_id=307\" target=\"_blank\" rel=\"noreferrer noopener\">AKTUALNO\u015aCI<\/a><\/div>\n<\/div>\n\n\n\n<div style=\"height:20px\" aria-hidden=\"true\" class=\"wp-block-spacer\"><\/div>\n<\/div>\n\n\n\n<div class=\"wp-block-column is-vertically-aligned-center is-layout-flow wp-block-column-is-layout-flow\" style=\"flex-basis:50%\">\n<figure class=\"wp-block-image size-large\"><img loading=\"lazy\" decoding=\"async\" width=\"1024\" height=\"682\" src=\"https:\/\/centrumbio.info\/wp-content\/uploads\/2026\/05\/pszczola-1024x682.jpg\" alt=\"\" class=\"wp-image-5436\" srcset=\"https:\/\/centrumbio.info\/wp-content\/uploads\/2026\/05\/pszczola-1024x682.jpg 1024w, https:\/\/centrumbio.info\/wp-content\/uploads\/2026\/05\/pszczola-300x200.jpg 300w, https:\/\/centrumbio.info\/wp-content\/uploads\/2026\/05\/pszczola-768x511.jpg 768w, https:\/\/centrumbio.info\/wp-content\/uploads\/2026\/05\/pszczola-1536x1022.jpg 1536w, https:\/\/centrumbio.info\/wp-content\/uploads\/2026\/05\/pszczola-500x333.jpg 500w, https:\/\/centrumbio.info\/wp-content\/uploads\/2026\/05\/pszczola-800x533.jpg 800w, https:\/\/centrumbio.info\/wp-content\/uploads\/2026\/05\/pszczola-1280x852.jpg 1280w, https:\/\/centrumbio.info\/wp-content\/uploads\/2026\/05\/pszczola-930x620.jpg 930w, https:\/\/centrumbio.info\/wp-content\/uploads\/2026\/05\/pszczola.jpg 1920w\" sizes=\"auto, (max-width: 1024px) 100vw, 1024px\" \/><\/figure>\n<\/div>\n<\/div>\n\n\n\n<div style=\"height:40px\" aria-hidden=\"true\" class=\"wp-block-spacer\"><\/div>\n<\/div><\/div>\n<\/div><\/div>\n\n\n\n<div class=\"wp-block-cover alignfull is-light\" style=\"min-height:420px;aspect-ratio:unset;\"><span aria-hidden=\"true\" class=\"wp-block-cover__background has-nv-site-bg-background-color has-background-dim-100 has-background-dim\"><\/span><div class=\"wp-block-cover__inner-container is-layout-flow wp-block-cover-is-layout-flow\">\n<div style=\"height:80px\" aria-hidden=\"true\" class=\"wp-block-spacer\"><\/div>\n\n\n\n<div class=\"wp-block-columns is-layout-flex wp-container-core-columns-is-layout-9d6595d7 wp-block-columns-is-layout-flex\">\n<div class=\"wp-block-column ticss-4ce656f1 is-layout-flow wp-block-column-is-layout-flow\">\n<figure class=\"wp-block-image size-large icon-style is-style-rounded\"><img loading=\"lazy\" decoding=\"async\" width=\"72\" height=\"72\" src=\"https:\/\/centrumbio.info\/wp-content\/uploads\/2020\/01\/neve-webdesign-GB-03.png\" alt=\"\" class=\"wp-image-20\"\/><\/figure>\n\n\n\n<h3 class=\"wp-block-heading has-text-align-left has-text-align-center has-neve-text-color-color has-text-color\">Rozw\u00f3j<\/h3>\n\n\n\n<p class=\"has-text-align-left has-neve-text-color-color has-text-color\" style=\"font-size:15px\">Stawiamy na rozw\u00f3j, w szczeg\u00f3lno\u015bci rozw\u00f3j wiedzy na temat ekologi i bior\u00f3\u017cnorodno\u015bci. <\/p>\n\n\n\n<div style=\"height:20px\" aria-hidden=\"true\" class=\"wp-block-spacer\"><\/div>\n<\/div>\n\n\n\n<div class=\"wp-block-column ticss-f6fc7494 is-layout-flow wp-block-column-is-layout-flow\">\n<figure class=\"wp-block-image size-large icon-style is-style-rounded\"><img loading=\"lazy\" decoding=\"async\" width=\"72\" height=\"72\" src=\"https:\/\/centrumbio.info\/wp-content\/uploads\/2020\/01\/neve-webdesign-GB-03.png\" alt=\"\" class=\"wp-image-20\"\/><\/figure>\n\n\n\n<h3 class=\"wp-block-heading has-text-align-left has-text-align-center has-neve-text-color-color has-text-color\">Edukacja<\/h3>\n\n\n\n<p class=\"has-text-align-left has-neve-text-color-color has-text-color\" style=\"font-size:15px\">Pragniemy edukowa\u0107 nie tylko dzieci, ale te\u017c osoby doros\u0142e. <\/p>\n\n\n\n<div style=\"height:20px\" aria-hidden=\"true\" class=\"wp-block-spacer\"><\/div>\n<\/div>\n\n\n\n<div class=\"wp-block-column ticss-a5b4df29 is-layout-flow wp-block-column-is-layout-flow\">\n<figure class=\"wp-block-image size-large icon-style is-style-rounded\"><img loading=\"lazy\" decoding=\"async\" width=\"72\" height=\"72\" src=\"https:\/\/centrumbio.info\/wp-content\/uploads\/2020\/01\/neve-webdesign-GB-03.png\" alt=\"\" class=\"wp-image-20\"\/><\/figure>\n\n\n\n<h3 class=\"wp-block-heading has-text-align-left has-text-align-center has-neve-text-color-color has-text-color\">Ochrona \u015brodowiska<\/h3>\n\n\n\n<p class=\"has-text-align-left has-neve-text-color-color has-text-color\" style=\"font-size:15px\">Co mo\u017cemy zrobi\u0107 razem dla \u015brodowiska? Dowiecie si\u0119 u nas! <\/p>\n\n\n\n<div style=\"height:20px\" aria-hidden=\"true\" class=\"wp-block-spacer\"><\/div>\n<\/div>\n<\/div>\n\n\n\n<div style=\"height:30px\" aria-hidden=\"true\" class=\"wp-block-spacer\"><\/div>\n<\/div><\/div>\n","protected":false},"excerpt":{"rendered":"","protected":false},"author":6,"featured_media":0,"parent":0,"menu_order":0,"comment_status":"closed","ping_status":"closed","template":"","meta":{"neve_meta_sidebar":"default","neve_meta_container":"default","neve_meta_enable_content_width":"on","neve_meta_content_width":100,"neve_meta_title_alignment":"","neve_meta_author_avatar":"","neve_post_elements_order":"","neve_meta_disable_header":"","neve_meta_disable_footer":"","neve_meta_disable_title":"on","_vp_format_video_url":"","_vp_image_focal_point":[],"footnotes":""},"class_list":["post-61","page","type-page","status-publish","hentry"],"_links":{"self":[{"href":"https:\/\/centrumbio.info\/index.php?rest_route=\/wp\/v2\/pages\/61","targetHints":{"allow":["GET"]}}],"collection":[{"href":"https:\/\/centrumbio.info\/index.php?rest_route=\/wp\/v2\/pages"}],"about":[{"href":"https:\/\/centrumbio.info\/index.php?rest_route=\/wp\/v2\/types\/page"}],"author":[{"embeddable":true,"href":"https:\/\/centrumbio.info\/index.php?rest_route=\/wp\/v2\/users\/6"}],"replies":[{"embeddable":true,"href":"https:\/\/centrumbio.info\/index.php?rest_route=%2Fwp%2Fv2%2Fcomments&post=61"}],"version-history":[{"count":11,"href":"https:\/\/centrumbio.info\/index.php?rest_route=\/wp\/v2\/pages\/61\/revisions"}],"predecessor-version":[{"id":5446,"href":"https:\/\/centrumbio.info\/index.php?rest_route=\/wp\/v2\/pages\/61\/revisions\/5446"}],"wp:attachment":[{"href":"https:\/\/centrumbio.info\/index.php?rest_route=%2Fwp%2Fv2%2Fmedia&parent=61"}],"curies":[{"name":"wp","href":"https:\/\/api.w.org\/{rel}","templated":true}]}}