{"id":69,"date":"2020-01-27T08:05:29","date_gmt":"2020-01-27T08:05:29","guid":{"rendered":"https:\/\/demosites.io\/web-agency-gb\/?page_id=69"},"modified":"2025-05-20T22:49:18","modified_gmt":"2025-05-20T20:49:18","slug":"15c42-web-agency-gb-portfolio","status":"publish","type":"page","link":"https:\/\/centrumbio.info\/?page_id=69","title":{"rendered":"Oferta"},"content":{"rendered":"\n<div class=\"wp-block-cover alignfull\" style=\"min-height:300px;aspect-ratio:unset;\"><span aria-hidden=\"true\" class=\"wp-block-cover__background has-nv-site-bg-background-color has-background-dim-100 has-background-dim\"><\/span><div class=\"wp-block-cover__inner-container is-layout-flow wp-block-cover-is-layout-flow\">\n<div class=\"wp-block-group\"><div class=\"wp-block-group__inner-container is-layout-flow wp-block-group-is-layout-flow\">\n<h1 class=\"wp-block-heading has-text-align-left has-neve-text-color-color has-text-color\" id=\"oferta\">Oferta<\/h1>\n<\/div><\/div>\n<\/div><\/div>\n\n\n\n<p>Centrum Edukacji Ekologicznej w Wieprzu w ci\u0105gu roku szkolnego zaprasza zorganizowane grupy przedszkolne i szkolne na zaj\u0119cia ekologiczne, kt\u00f3re odbywaj\u0105 si\u0119 w dw\u00f3ch r\u00f3\u017cnych formach: pogadanka po\u0142\u0105czona z prezentacj\u0105 oraz warsztaty. Oferta tematyczna sta\u0142ych zaj\u0119\u0107 edukacyjnych jest dostosowana do ka\u017cdej grupy wiekowej.<\/p>\n\n\n\n<p>Opr\u00f3cz temat\u00f3w, na kt\u00f3re mo\u017cna umawia\u0107 si\u0119 od wrze\u015bnia do czerwca prowadzimy warsztaty powi\u0105zane z wydarzeniami w ci\u0105gu roku, tj. \u015awi\u0119ta Bo\u017cego Narodzenia, Wielkanoc, Dzie\u0144 Matki, itp., jak r\u00f3wnie\u017c z por\u0105 roku, tj. ogr\u00f3d wiosn\u0105, budki l\u0119gowe, warsztaty zio\u0142owe, itd.<\/p>\n\n\n\n<p>Wakacje oraz ferie zimowe&nbsp; w roku szkolnym s\u0105 przeznaczone na prowadzenie zaj\u0119\u0107 dla dzieci i ich opiekun\u00f3w (rodzic\u00f3w, dziadk\u00f3w), kt\u00f3re maj\u0105 na celu&nbsp; czerpanie rado\u015bci ze wsp\u00f3lnej nauki ekologii oraz jednocz\u0105cej wysi\u0142ki pracy podczas warsztat\u00f3w.<\/p>\n\n\n\n<p>W razie pyta\u0144 zapraszamy do kontaktu. <\/p>\n\n\n\n<div class=\"wp-block-cover alignfull\" style=\"min-height:600px;aspect-ratio:unset;\"><span aria-hidden=\"true\" class=\"wp-block-cover__background has-nv-light-bg-background-color has-background-dim-100 has-background-dim\"><\/span><div class=\"wp-block-cover__inner-container is-layout-flow wp-block-cover-is-layout-flow\">\n<div class=\"wp-block-group\"><div class=\"wp-block-group__inner-container is-layout-flow wp-block-group-is-layout-flow\">\n<div style=\"height:80px\" aria-hidden=\"true\" class=\"wp-block-spacer\"><\/div>\n\n\n\n<div style=\"height:40px\" aria-hidden=\"true\" class=\"wp-block-spacer\"><\/div>\n<\/div><\/div>\n<\/div><\/div>\n\n\n\n<div class=\"wp-block-cover alignfull\" style=\"min-height:300px;aspect-ratio:unset;\"><span aria-hidden=\"true\" class=\"wp-block-cover__background has-nv-dark-bg-background-color has-background-dim-100 has-background-dim\"><\/span><div class=\"wp-block-cover__inner-container is-layout-flow wp-block-cover-is-layout-flow\">\n<div style=\"height:80px\" aria-hidden=\"true\" class=\"wp-block-spacer\"><\/div>\n\n\n<div class=\"wp-block-image is-style-rounded\">\n<figure class=\"aligncenter size-full is-resized\"><img loading=\"lazy\" decoding=\"async\" width=\"754\" height=\"758\" src=\"https:\/\/centrumbio.info\/wp-content\/uploads\/2021\/11\/cropped-Zrzut-ekranu-2021-11-10-o-17.05.30.png\" alt=\"\" class=\"wp-image-355\" style=\"width:90px;height:90px\" srcset=\"https:\/\/centrumbio.info\/wp-content\/uploads\/2021\/11\/cropped-Zrzut-ekranu-2021-11-10-o-17.05.30.png 754w, https:\/\/centrumbio.info\/wp-content\/uploads\/2021\/11\/cropped-Zrzut-ekranu-2021-11-10-o-17.05.30-298x300.png 298w, https:\/\/centrumbio.info\/wp-content\/uploads\/2021\/11\/cropped-Zrzut-ekranu-2021-11-10-o-17.05.30-150x150.png 150w\" sizes=\"auto, (max-width: 754px) 100vw, 754px\" \/><\/figure>\n<\/div>\n\n\n<p class=\"has-text-align-center has-nv-text-dark-bg-color has-text-color\">Je\u015bli chcesz dowiedzie\u0107 si\u0119 wi\u0119cej na temat ofert, <br>koniecznie skontaktuj si\u0119 z nami mailowo lub telefonicznie. <\/p>\n\n\n\n<p class=\"has-text-align-center has-nv-text-dark-bg-color has-text-color\" style=\"font-size:14px\"><\/p>\n\n\n\n<div style=\"height:80px\" aria-hidden=\"true\" class=\"wp-block-spacer\"><\/div>\n<\/div><\/div>\n","protected":false},"excerpt":{"rendered":"<p>Centrum Edukacji Ekologicznej w Wieprzu w ci\u0105gu roku szkolnego zaprasza zorganizowane grupy przedszkolne i szkolne na zaj\u0119cia ekologiczne, kt\u00f3re odbywaj\u0105 si\u0119 w dw\u00f3ch r\u00f3\u017cnych formach: pogadanka po\u0142\u0105czona z prezentacj\u0105 oraz warsztaty. Oferta tematyczna sta\u0142ych zaj\u0119\u0107 edukacyjnych jest dostosowana do ka\u017cdej grupy wiekowej. Opr\u00f3cz temat\u00f3w, na kt\u00f3re mo\u017cna umawia\u0107 si\u0119 od wrze\u015bnia do czerwca prowadzimy warsztaty&hellip;&nbsp;<a href=\"https:\/\/centrumbio.info\/?page_id=69\" rel=\"bookmark\">Dowiedz si\u0119 wi\u0119cej &raquo;<span class=\"screen-reader-text\">Oferta<\/span><\/a><\/p>\n","protected":false},"author":6,"featured_media":0,"parent":0,"menu_order":0,"comment_status":"closed","ping_status":"closed","template":"","meta":{"neve_meta_sidebar":"full-width","neve_meta_container":"","neve_meta_enable_content_width":"on","neve_meta_content_width":100,"neve_meta_title_alignment":"","neve_meta_author_avatar":"","neve_post_elements_order":"","neve_meta_disable_header":"","neve_meta_disable_footer":"","neve_meta_disable_title":"on","_vp_format_video_url":"","_vp_image_focal_point":[],"footnotes":""},"class_list":["post-69","page","type-page","status-publish","hentry"],"_links":{"self":[{"href":"https:\/\/centrumbio.info\/index.php?rest_route=\/wp\/v2\/pages\/69","targetHints":{"allow":["GET"]}}],"collection":[{"href":"https:\/\/centrumbio.info\/index.php?rest_route=\/wp\/v2\/pages"}],"about":[{"href":"https:\/\/centrumbio.info\/index.php?rest_route=\/wp\/v2\/types\/page"}],"author":[{"embeddable":true,"href":"https:\/\/centrumbio.info\/index.php?rest_route=\/wp\/v2\/users\/6"}],"replies":[{"embeddable":true,"href":"https:\/\/centrumbio.info\/index.php?rest_route=%2Fwp%2Fv2%2Fcomments&post=69"}],"version-history":[{"count":20,"href":"https:\/\/centrumbio.info\/index.php?rest_route=\/wp\/v2\/pages\/69\/revisions"}],"predecessor-version":[{"id":4972,"href":"https:\/\/centrumbio.info\/index.php?rest_route=\/wp\/v2\/pages\/69\/revisions\/4972"}],"wp:attachment":[{"href":"https:\/\/centrumbio.info\/index.php?rest_route=%2Fwp%2Fv2%2Fmedia&parent=69"}],"curies":[{"name":"wp","href":"https:\/\/api.w.org\/{rel}","templated":true}]}}