{"id":75,"date":"2020-01-27T08:29:32","date_gmt":"2020-01-27T08:29:32","guid":{"rendered":"https:\/\/demosites.io\/web-agency-gb\/?page_id=75"},"modified":"2022-02-08T10:14:43","modified_gmt":"2022-02-08T09:14:43","slug":"15c42-web-agency-gb-contact-us","status":"publish","type":"page","link":"https:\/\/centrumbio.info\/?page_id=75","title":{"rendered":"kontakt"},"content":{"rendered":"\n<div class=\"wp-block-cover alignfull\" style=\"min-height:300px;aspect-ratio:unset;\"><span aria-hidden=\"true\" class=\"has-nv-site-bg-background-color has-background-dim-100 wp-block-cover__gradient-background has-background-dim\"><\/span><div class=\"wp-block-cover__inner-container is-layout-flow wp-block-cover-is-layout-flow\">\n<div class=\"wp-block-group\"><div class=\"wp-block-group__inner-container is-layout-flow wp-block-group-is-layout-flow\">\n<h1 class=\"has-text-align-left has-neve-text-color-color has-text-color wp-block-heading\" id=\"badzmy-w-kontakcie\">B\u0105d\u017amy w kontakcie<\/h1>\n<\/div><\/div>\n<\/div><\/div>\n\n\n\n<p>W sprawach zwi\u0105zanych z\u00a0<strong>PRZETWARZANIEM DANYCH OSOBOWYCH<\/strong>\u00a0prosimy o kontakt z:<br>INSPEKTOR OCHRONY DANYCH OSOBOWYCH:\u00a0<strong>Beata Le\u0144czuk-Bachmi\u0144ska<\/strong><br><strong>email:\u00a0<a href=\"mailto:iod.gckptrw@radziechowy-wieprz.pl\">\u00a0iod.gckpt@radziechowy-wieprz.pl<\/a><br><\/strong>tel: 724 318 760<\/p>\n\n\n\n<p>ta wiadomo\u015b\u0107 dotrze na adres: centrumbiowieprz@gmail.com<\/p>\n\n\n<div class=\"wpforms-container wpforms-container-full wpforms-block\" id=\"wpforms-577\"><form id=\"wpforms-form-577\" class=\"wpforms-validate wpforms-form wpforms-ajax-form\" data-formid=\"577\" method=\"post\" enctype=\"multipart\/form-data\" action=\"\/index.php?rest_route=%2Fwp%2Fv2%2Fpages%2F75\" data-token=\"a0ef85833701d164172d09a9de9f5127\" data-token-time=\"1777549564\"><noscript class=\"wpforms-error-noscript\">Aby wype\u0142ni\u0107 ten formularz, w\u0142\u0105cz obs\u0142ug\u0119 JavaScript w przegl\u0105darce.<\/noscript><div class=\"wpforms-field-container\"><div id=\"wpforms-577-field_0-container\" class=\"wpforms-field wpforms-field-name\" data-field-id=\"0\"><label class=\"wpforms-field-label\" for=\"wpforms-577-field_0\">Imi\u0119 i Nazwisko <span class=\"wpforms-required-label\">*<\/span><\/label><input type=\"text\" id=\"wpforms-577-field_0\" class=\"wpforms-field-medium wpforms-field-required\" name=\"wpforms[fields][0]\" required><\/div><div id=\"wpforms-577-field_1-container\" class=\"wpforms-field wpforms-field-email\" data-field-id=\"1\"><label class=\"wpforms-field-label\" for=\"wpforms-577-field_1\">Adres E-mail <span class=\"wpforms-required-label\">*<\/span><\/label><input type=\"email\" id=\"wpforms-577-field_1\" class=\"wpforms-field-medium wpforms-field-required\" name=\"wpforms[fields][1]\" spellcheck=\"false\" required><\/div><div id=\"wpforms-577-field_2-container\" class=\"wpforms-field wpforms-field-textarea\" data-field-id=\"2\"><label class=\"wpforms-field-label\" for=\"wpforms-577-field_2\">Wiadomo\u015b\u0107 <span class=\"wpforms-required-label\">*<\/span><\/label><textarea id=\"wpforms-577-field_2\" class=\"wpforms-field-medium wpforms-field-required\" name=\"wpforms[fields][2]\" required><\/textarea><\/div><\/div><!-- .wpforms-field-container --><div class=\"wpforms-submit-container\" ><input type=\"hidden\" name=\"wpforms[id]\" value=\"577\"><input type=\"hidden\" name=\"page_title\" value=\"\"><input type=\"hidden\" name=\"page_url\" value=\"https:\/\/centrumbio.info\/index.php?rest_route=\/wp\/v2\/pages\/75\"><input type=\"hidden\" name=\"url_referer\" value=\"\"><button type=\"submit\" name=\"wpforms[submit]\" id=\"wpforms-submit-577\" class=\"wpforms-submit\" data-alt-text=\"Wysy\u0142anie...\" data-submit-text=\"Wy\u015blij\" aria-live=\"assertive\" value=\"wpforms-submit\">Wy\u015blij<\/button><img loading=\"lazy\" decoding=\"async\" src=\"https:\/\/centrumbio.info\/wp-content\/plugins\/wpforms-lite\/assets\/images\/submit-spin.svg\" class=\"wpforms-submit-spinner\" style=\"display: none;\" width=\"26\" height=\"26\" alt=\"Wczytywanie\"><\/div><\/form><\/div>  <!-- .wpforms-container -->\n\n\n<div class=\"wp-block-cover alignfull\" style=\"min-height:420px;aspect-ratio:unset;\"><span aria-hidden=\"true\" class=\"has-nv-light-bg-background-color has-background-dim-100 wp-block-cover__gradient-background has-background-dim\"><\/span><div class=\"wp-block-cover__inner-container is-layout-flow wp-block-cover-is-layout-flow\">\n<div style=\"height:80px\" aria-hidden=\"true\" class=\"wp-block-spacer\"><\/div>\n\n\n\n<div class=\"wp-block-columns is-layout-flex wp-container-core-columns-is-layout-9d6595d7 wp-block-columns-is-layout-flex\">\n<div class=\"wp-block-column ticss-4ce656f1 is-layout-flow wp-block-column-is-layout-flow\">\n<div style=\"height:24px\" aria-hidden=\"true\" class=\"wp-block-spacer\"><\/div>\n\n\n\n<div class=\"wp-block-image icon-style is-style-default\"><figure class=\"aligncenter size-large\"><img loading=\"lazy\" decoding=\"async\" width=\"63\" height=\"63\" src=\"https:\/\/centrumbio.info\/wp-content\/uploads\/2021\/06\/phone-sm.png\" alt=\"\" class=\"wp-image-304\"\/><\/figure><\/div>\n\n\n\n<h3 class=\"has-text-align-center has-neve-text-color-color has-text-color wp-block-heading\" id=\"zadzwon\">Zadzwo\u0144<\/h3>\n\n\n\n<p class=\"has-text-align-center has-neve-text-color-color has-text-color\" style=\"font-size:15px\">724 318 760 | Poniedzia\u0142ek-Pi\u0105tek<\/p>\n\n\n\n<div style=\"height:24px\" aria-hidden=\"true\" class=\"wp-block-spacer\"><\/div>\n<\/div>\n\n\n\n<div class=\"wp-block-column ticss-f6fc7494 is-layout-flow wp-block-column-is-layout-flow\">\n<div style=\"height:24px\" aria-hidden=\"true\" class=\"wp-block-spacer\"><\/div>\n\n\n\n<div class=\"wp-block-image icon-style is-style-default\"><figure class=\"aligncenter size-large\"><img decoding=\"async\" src=\"https:\/\/centrumbio.info\/wp-content\/uploads\/2021\/06\/email-sm.png\" alt=\"\" class=\"wp-image-306\"\/><\/figure><\/div>\n\n\n\n<h3 class=\"has-text-align-center has-neve-text-color-color has-text-color wp-block-heading\" id=\"email\">Email<\/h3>\n\n\n\n<p class=\"has-text-align-center has-neve-text-color-color has-text-color\" style=\"font-size:15px\">centrumbiowieprz@gmail.com<\/p>\n\n\n\n<div style=\"height:24px\" aria-hidden=\"true\" class=\"wp-block-spacer\"><\/div>\n<\/div>\n\n\n\n<div class=\"wp-block-column ticss-a5b4df29 is-layout-flow wp-block-column-is-layout-flow\">\n<div style=\"height:24px\" aria-hidden=\"true\" class=\"wp-block-spacer\"><\/div>\n\n\n\n<div class=\"wp-block-image icon-style is-style-default\"><figure class=\"aligncenter size-large\"><img loading=\"lazy\" decoding=\"async\" width=\"49\" height=\"65\" src=\"https:\/\/centrumbio.info\/wp-content\/uploads\/2021\/06\/location-sm.png\" alt=\"\" class=\"wp-image-305\"\/><\/figure><\/div>\n\n\n\n<h3 class=\"has-text-align-center has-neve-text-color-color has-text-color wp-block-heading\" id=\"biuro\">Biuro<\/h3>\n\n\n\n<p class=\"has-text-align-center has-neve-text-color-color has-text-color\" style=\"font-size:15px\">Wieprz, ul. Nad So\u0142\u0105 1070<br>34-382 Wieprz<\/p>\n\n\n\n<div style=\"height:24px\" aria-hidden=\"true\" class=\"wp-block-spacer\"><\/div>\n<\/div>\n<\/div>\n\n\n\n<div style=\"height:30px\" aria-hidden=\"true\" class=\"wp-block-spacer\"><\/div>\n<\/div><\/div>\n\n\n\n<figure class=\"wp-block-image alignfull size-large\"><img loading=\"lazy\" decoding=\"async\" width=\"1024\" height=\"305\" src=\"https:\/\/centrumbio.info\/wp-content\/uploads\/2022\/01\/Zrzut-ekranu-2022-01-3-o-11.05.02-1024x305.png\" alt=\"\" class=\"wp-image-614\" srcset=\"https:\/\/centrumbio.info\/wp-content\/uploads\/2022\/01\/Zrzut-ekranu-2022-01-3-o-11.05.02-1024x305.png 1024w, https:\/\/centrumbio.info\/wp-content\/uploads\/2022\/01\/Zrzut-ekranu-2022-01-3-o-11.05.02-300x89.png 300w, https:\/\/centrumbio.info\/wp-content\/uploads\/2022\/01\/Zrzut-ekranu-2022-01-3-o-11.05.02-768x229.png 768w, https:\/\/centrumbio.info\/wp-content\/uploads\/2022\/01\/Zrzut-ekranu-2022-01-3-o-11.05.02-1536x458.png 1536w, https:\/\/centrumbio.info\/wp-content\/uploads\/2022\/01\/Zrzut-ekranu-2022-01-3-o-11.05.02-500x149.png 500w, https:\/\/centrumbio.info\/wp-content\/uploads\/2022\/01\/Zrzut-ekranu-2022-01-3-o-11.05.02-800x238.png 800w, https:\/\/centrumbio.info\/wp-content\/uploads\/2022\/01\/Zrzut-ekranu-2022-01-3-o-11.05.02-1280x381.png 1280w, https:\/\/centrumbio.info\/wp-content\/uploads\/2022\/01\/Zrzut-ekranu-2022-01-3-o-11.05.02-1920x572.png 1920w, https:\/\/centrumbio.info\/wp-content\/uploads\/2022\/01\/Zrzut-ekranu-2022-01-3-o-11.05.02.png 1960w\" sizes=\"auto, (max-width: 1024px) 100vw, 1024px\" \/><\/figure>\n\n\n\n<div class=\"wp-block-cover alignfull\" style=\"min-height:600px;aspect-ratio:unset;\"><span aria-hidden=\"true\" class=\"has-nv-dark-bg-background-color has-background-dim-100 wp-block-cover__gradient-background has-background-dim\"><\/span><div class=\"wp-block-cover__inner-container is-layout-flow wp-block-cover-is-layout-flow\">\n<div class=\"wp-block-group\"><div class=\"wp-block-group__inner-container is-layout-flow wp-block-group-is-layout-flow\">\n<div style=\"height:80px\" aria-hidden=\"true\" class=\"wp-block-spacer\"><\/div>\n\n\n\n<div class=\"wp-block-columns is-layout-flex wp-container-core-columns-is-layout-9d6595d7 wp-block-columns-is-layout-flex\">\n<div class=\"wp-block-column is-layout-flow wp-block-column-is-layout-flow\" style=\"flex-basis:50%\">\n<h2 class=\"has-nv-text-dark-bg-color has-text-color wp-block-heading\" id=\"zapraszamy-do-zapoznania-sie-z-oferta-oraz-do-kontaktu-z-nami\">Zapraszamy do zapoznania si\u0119 z ofert\u0105 oraz do kontaktu z nami.<\/h2>\n\n\n\n<p class=\"has-white-color has-text-color\">Zapraszamy r\u00f3wnie\u017c do odwiedzeni naszego budynku w Wieprzu, ul. Nad So\u0142\u0105 1070<\/p>\n<\/div>\n\n\n\n<div class=\"wp-block-column is-vertically-aligned-center is-layout-flow wp-block-column-is-layout-flow\" style=\"flex-basis:50%\"><\/div>\n<\/div>\n\n\n\n<div style=\"height:40px\" aria-hidden=\"true\" class=\"wp-block-spacer\"><\/div>\n<\/div><\/div>\n<\/div><\/div>\n","protected":false},"excerpt":{"rendered":"<p>W sprawach zwi\u0105zanych z\u00a0PRZETWARZANIEM DANYCH OSOBOWYCH\u00a0prosimy o kontakt z:INSPEKTOR OCHRONY DANYCH OSOBOWYCH:\u00a0Beata Le\u0144czuk-Bachmi\u0144skaemail:\u00a0\u00a0iod.gckpt@radziechowy-wieprz.pltel: 724 318 760 ta wiadomo\u015b\u0107 dotrze na adres: centrumbiowieprz@gmail.com<\/p>\n","protected":false},"author":6,"featured_media":0,"parent":0,"menu_order":0,"comment_status":"closed","ping_status":"closed","template":"","meta":{"neve_meta_sidebar":"default","neve_meta_container":"","neve_meta_enable_content_width":"on","neve_meta_content_width":100,"neve_meta_title_alignment":"","neve_meta_author_avatar":"","neve_post_elements_order":"","neve_meta_disable_header":"","neve_meta_disable_footer":"","neve_meta_disable_title":"on","_vp_format_video_url":"","_vp_image_focal_point":[],"footnotes":""},"class_list":["post-75","page","type-page","status-publish","hentry"],"_links":{"self":[{"href":"https:\/\/centrumbio.info\/index.php?rest_route=\/wp\/v2\/pages\/75","targetHints":{"allow":["GET"]}}],"collection":[{"href":"https:\/\/centrumbio.info\/index.php?rest_route=\/wp\/v2\/pages"}],"about":[{"href":"https:\/\/centrumbio.info\/index.php?rest_route=\/wp\/v2\/types\/page"}],"author":[{"embeddable":true,"href":"https:\/\/centrumbio.info\/index.php?rest_route=\/wp\/v2\/users\/6"}],"replies":[{"embeddable":true,"href":"https:\/\/centrumbio.info\/index.php?rest_route=%2Fwp%2Fv2%2Fcomments&post=75"}],"version-history":[{"count":13,"href":"https:\/\/centrumbio.info\/index.php?rest_route=\/wp\/v2\/pages\/75\/revisions"}],"predecessor-version":[{"id":1043,"href":"https:\/\/centrumbio.info\/index.php?rest_route=\/wp\/v2\/pages\/75\/revisions\/1043"}],"wp:attachment":[{"href":"https:\/\/centrumbio.info\/index.php?rest_route=%2Fwp%2Fv2%2Fmedia&parent=75"}],"curies":[{"name":"wp","href":"https:\/\/api.w.org\/{rel}","templated":true}]}}